{"id":19,"date":"2026-01-23T19:01:49","date_gmt":"2026-01-23T19:01:49","guid":{"rendered":"https:\/\/www.ecstatic-leakey.178-63-77-45.plesk.page\/index.php\/about\/"},"modified":"2026-03-14T17:47:28","modified_gmt":"2026-03-14T17:47:28","slug":"about","status":"publish","type":"page","link":"https:\/\/www.bueroservice-heer.de\/?page_id=19","title":{"rendered":"\u00dcber Uns"},"content":{"rendered":"\t\t<div data-elementor-type=\"wp-post\" data-elementor-id=\"19\" class=\"elementor elementor-19\">\n\t\t\t\t<div class=\"elementor-element elementor-element-fnoz06k e-flex e-con-boxed elementor-invisible e-con e-parent\" data-id=\"fnoz06k\" data-element_type=\"container\" data-e-type=\"container\" data-settings=\"{&quot;background_background&quot;:&quot;classic&quot;,&quot;animation&quot;:&quot;fadeIn&quot;}\">\n\t\t\t\t\t<div class=\"e-con-inner\">\n\t\t<div class=\"elementor-element elementor-element-77140b5 e-con-full e-flex e-con e-child\" data-id=\"77140b5\" data-element_type=\"container\" data-e-type=\"container\">\n\t\t\t\t<div class=\"elementor-element elementor-element-5c922f6 elementor-widget elementor-widget-heading\" data-id=\"5c922f6\" data-element_type=\"widget\" data-e-type=\"widget\" data-widget_type=\"heading.default\">\n\t\t\t\t<div class=\"elementor-widget-container\">\n\t\t\t\t\t<h1 class=\"elementor-heading-title elementor-size-default\">\u00dcber uns<\/h1>\t\t\t\t<\/div>\n\t\t\t\t<\/div>\n\t\t\t\t<\/div>\n\t\t\t\t\t<\/div>\n\t\t\t\t<\/div>\n\t\t<div class=\"elementor-element elementor-element-58idhl5 e-flex e-con-boxed e-con e-parent\" data-id=\"58idhl5\" data-element_type=\"container\" data-e-type=\"container\" data-settings=\"{&quot;background_background&quot;:&quot;classic&quot;}\">\n\t\t\t\t\t<div class=\"e-con-inner\">\n\t\t\t\t<div class=\"elementor-element elementor-element-321cd03 elementor-widget elementor-widget-text-editor\" data-id=\"321cd03\" data-element_type=\"widget\" data-e-type=\"widget\" data-widget_type=\"text-editor.default\">\n\t\t\t\t<div class=\"elementor-widget-container\">\n\t\t\t\t\t\t\t\t\t<p>Eine vertrauensvolle Zusammenarbeit mit unseren Mandanten ist uns sehr wichtig.<\/p><p>Hier bekommen Sie Lohnb\u00fcro, Buchhaltungsb\u00fcro und B\u00fcroservice in einem. Mit unserem Know-how, stehen wir Ihnen in allen Buchhaltungs*- und B\u00fcroservicefragen kompetent zur Verf\u00fcgung.<\/p><p>Seit 2022 unterst\u00fctzen wir tatkr\u00e4ftig Start-Ups, Kleinunternehmer, Mittelstandsbetriebe und seit 2024 arbeiten wir mit einer \u00fcberregional t\u00e4tigen Unternehmensberatungsgesellschaft zusammen,<br \/>was unser Leistungsspektrum um u.a. \u00f6ffentlich rechtliche Institutionen erweitert.<\/p><p>Durch die Zusammenarbeit mit renommierten Rechtsanwalts- und Steuerkanzleien, schlagen Sie zwei Fliegen mit einer Klappe!\u00a0 Somit stellen wir Ihre Schnittstelle f\u00fcr jegliche Themenbereiche dar.<\/p><p>Sie k\u00f6nnen uns, als eingetragenes Mitglied im b.b.h. Bundesverband selbst\u00e4ndiger Buchhalter und Bilanzbuchhalter e.V., stets vertrauen.<\/p><p>* buchen lfd. Gesch\u00e4ftsvorf\u00e4lle<\/p>\t\t\t\t\t\t\t\t<\/div>\n\t\t\t\t<\/div>\n\t\t\t\t\t<\/div>\n\t\t\t\t<\/div>\n\t\t\t\t<\/div>\n\t\t","protected":false},"excerpt":{"rendered":"<p>\u00dcber uns Eine vertrauensvolle Zusammenarbeit mit unseren Mandanten ist uns sehr wichtig. Hier bekommen Sie Lohnb\u00fcro, Buchhaltungsb\u00fcro und B\u00fcroservice in einem. Mit unserem Know-how, stehen wir Ihnen in allen Buchhaltungs*- und B\u00fcroservicefragen kompetent zur Verf\u00fcgung. Seit 2022 unterst\u00fctzen wir tatkr\u00e4ftig Start-Ups, Kleinunternehmer, Mittelstandsbetriebe und seit 2024 arbeiten wir mit einer \u00fcberregional t\u00e4tigen Unternehmensberatungsgesellschaft zusammen,was unser [&hellip;]<\/p>\n","protected":false},"author":1,"featured_media":0,"parent":0,"menu_order":0,"comment_status":"closed","ping_status":"closed","template":"elementor_theme","meta":{"site-sidebar-layout":"no-sidebar","site-content-layout":"page-builder","ast-site-content-layout":"full-width-container","site-content-style":"unboxed","site-sidebar-style":"unboxed","ast-global-header-display":"","ast-banner-title-visibility":"","ast-main-header-display":"","ast-hfb-above-header-display":"","ast-hfb-below-header-display":"","ast-hfb-mobile-header-display":"","site-post-title":"disabled","ast-breadcrumbs-content":"","ast-featured-img":"disabled","footer-sml-layout":"","ast-disable-related-posts":"","theme-transparent-header-meta":"enabled","adv-header-id-meta":"","stick-header-meta":"","header-above-stick-meta":"","header-main-stick-meta":"","header-below-stick-meta":"","astra-migrate-meta-layouts":"set","ast-page-background-enabled":"default","ast-page-background-meta":{"desktop":{"background-color":"","background-image":"","background-repeat":"repeat","background-position":"center center","background-size":"auto","background-attachment":"scroll","background-type":"","background-media":"","overlay-type":"","overlay-color":"","overlay-opacity":"","overlay-gradient":""},"tablet":{"background-color":"","background-image":"","background-repeat":"repeat","background-position":"center center","background-size":"auto","background-attachment":"scroll","background-type":"","background-media":"","overlay-type":"","overlay-color":"","overlay-opacity":"","overlay-gradient":""},"mobile":{"background-color":"","background-image":"","background-repeat":"repeat","background-position":"center center","background-size":"auto","background-attachment":"scroll","background-type":"","background-media":"","overlay-type":"","overlay-color":"","overlay-opacity":"","overlay-gradient":""}},"ast-content-background-meta":{"desktop":{"background-color":"var(--ast-global-color-5)","background-image":"","background-repeat":"repeat","background-position":"center center","background-size":"auto","background-attachment":"scroll","background-type":"","background-media":"","overlay-type":"","overlay-color":"","overlay-opacity":"","overlay-gradient":""},"tablet":{"background-color":"var(--ast-global-color-5)","background-image":"","background-repeat":"repeat","background-position":"center center","background-size":"auto","background-attachment":"scroll","background-type":"","background-media":"","overlay-type":"","overlay-color":"","overlay-opacity":"","overlay-gradient":""},"mobile":{"background-color":"var(--ast-global-color-5)","background-image":"","background-repeat":"repeat","background-position":"center center","background-size":"auto","background-attachment":"scroll","background-type":"","background-media":"","overlay-type":"","overlay-color":"","overlay-opacity":"","overlay-gradient":""}},"footnotes":""},"class_list":["post-19","page","type-page","status-publish","hentry"],"_links":{"self":[{"href":"https:\/\/www.bueroservice-heer.de\/index.php?rest_route=\/wp\/v2\/pages\/19","targetHints":{"allow":["GET"]}}],"collection":[{"href":"https:\/\/www.bueroservice-heer.de\/index.php?rest_route=\/wp\/v2\/pages"}],"about":[{"href":"https:\/\/www.bueroservice-heer.de\/index.php?rest_route=\/wp\/v2\/types\/page"}],"author":[{"embeddable":true,"href":"https:\/\/www.bueroservice-heer.de\/index.php?rest_route=\/wp\/v2\/users\/1"}],"replies":[{"embeddable":true,"href":"https:\/\/www.bueroservice-heer.de\/index.php?rest_route=%2Fwp%2Fv2%2Fcomments&post=19"}],"version-history":[{"count":58,"href":"https:\/\/www.bueroservice-heer.de\/index.php?rest_route=\/wp\/v2\/pages\/19\/revisions"}],"predecessor-version":[{"id":3152,"href":"https:\/\/www.bueroservice-heer.de\/index.php?rest_route=\/wp\/v2\/pages\/19\/revisions\/3152"}],"wp:attachment":[{"href":"https:\/\/www.bueroservice-heer.de\/index.php?rest_route=%2Fwp%2Fv2%2Fmedia&parent=19"}],"curies":[{"name":"wp","href":"https:\/\/api.w.org\/{rel}","templated":true}]}}