{"id":2716,"date":"2026-01-23T21:26:17","date_gmt":"2026-01-23T21:26:17","guid":{"rendered":"https:\/\/www.ecstatic-leakey.178-63-77-45.plesk.page\/?page_id=2716"},"modified":"2026-03-16T11:51:44","modified_gmt":"2026-03-16T11:51:44","slug":"impressum-datenschutz","status":"publish","type":"page","link":"https:\/\/www.bueroservice-heer.de\/?page_id=2716","title":{"rendered":"Impressum\/Datenschutz"},"content":{"rendered":"\t\t<div data-elementor-type=\"wp-page\" data-elementor-id=\"2716\" class=\"elementor elementor-2716\">\n\t\t\t\t<div class=\"elementor-element elementor-element-53x5m4d e-flex e-con-boxed elementor-invisible e-con e-parent\" data-id=\"53x5m4d\" data-element_type=\"container\" data-e-type=\"container\" data-settings=\"{&quot;background_background&quot;:&quot;classic&quot;,&quot;animation&quot;:&quot;fadeIn&quot;}\">\n\t\t\t\t\t<div class=\"e-con-inner\">\n\t\t<div class=\"elementor-element elementor-element-77140b5 e-con-full e-flex e-con e-child\" data-id=\"77140b5\" data-element_type=\"container\" data-e-type=\"container\">\n\t\t\t\t<div class=\"elementor-element elementor-element-5c922f6 elementor-widget elementor-widget-heading\" data-id=\"5c922f6\" data-element_type=\"widget\" data-e-type=\"widget\" data-widget_type=\"heading.default\">\n\t\t\t\t<div class=\"elementor-widget-container\">\n\t\t\t\t\t<h1 class=\"elementor-heading-title elementor-size-default\">Impressum\/Datenschutz<\/h1>\t\t\t\t<\/div>\n\t\t\t\t<\/div>\n\t\t\t\t<\/div>\n\t\t\t\t\t<\/div>\n\t\t\t\t<\/div>\n\t\t<div class=\"elementor-element elementor-element-7lfha2y e-flex e-con-boxed e-con e-parent\" data-id=\"7lfha2y\" data-element_type=\"container\" data-e-type=\"container\" data-settings=\"{&quot;background_background&quot;:&quot;classic&quot;}\">\n\t\t\t\t\t<div class=\"e-con-inner\">\n\t\t\t\t<div class=\"elementor-element elementor-element-08af675 elementor-widget elementor-widget-text-editor\" data-id=\"08af675\" data-element_type=\"widget\" data-e-type=\"widget\" data-widget_type=\"text-editor.default\">\n\t\t\t\t<div class=\"elementor-widget-container\">\n\t\t\t\t\t\t\t\t\t<p><strong>Verantwortlich f\u00fcr den Inhalt dieser Website (\u00a75 TMG):<\/strong><\/p><p>B\u00fcroservice Heer<\/p><p>Inhaberin: Miriam Heer<\/p><p>\u00a0In der Schwelwies 11<\/p><p>55497 Ellern (Hunsr\u00fcck)<\/p><p>Telefon: 06764\/7491714<\/p><p>E-Mail: info@bueroservice-heer.de\u00a0<\/p><p><strong>Umsatzsteuer-ID:<\/strong><\/p><p>DE355194392<\/p><p><strong>Steuernummer:<\/strong><\/p><p>\u00a040\/062\/30425<\/p><p>Die Nutzung meiner Website ist in der Regel ohne Angabe personenbezogener Daten m\u00f6glich.<\/p><p>Soweit auf meinen Seiten personenbezogene Daten (beispielsweise Name, Anschrift oder eMail-Adressen) erhoben werden, erfolgt dies, soweit m\u00f6glich, stets auf freiwilliger Basis.<\/p><p>Diese Daten werden ohne Ihre ausdr\u00fcckliche Zustimmung nicht an Dritte weitergegeben.<\/p><p>Ich weise daraufhin, dass die Daten\u00fcbertragung im Internet (z.B. bei der Kommunikation per E-Mail) Sicherheitsl\u00fccken aufweisen kann.<\/p><p>Ein l\u00fcckenloser Schutz der Daten vor dem Zugriff durch Dritte ist nicht m\u00f6glich. Der Nutzung von im Rahmen der Impressumspflicht ver\u00f6ffentlichten Kontaktdaten durch Dritte zur \u00dcbersendung von nicht ausdr\u00fccklich angeforderter Werbung und Informationsmaterialien wird hiermit ausdr\u00fccklich widersprochen.<\/p><div>\u00a0<\/div><div>\u00a0<\/div><div><p>Bild- und Quellenangabe:<\/p><p>Alle in dieser Webpr\u00e4senz verwendeten Materialien unterliegen der Creative Commons Lizenz:<\/p><p>Foto von <a href=\"https:\/\/unsplash.com\/de\/@fin21?utm_source=unsplash&amp;utm_medium=referral&amp;utm_content=creditCopyText\">FIN<\/a> auf <a href=\"https:\/\/unsplash.com\/de\/fotos\/ein-taschenrechner-sitzt-auf-einem-stapel-papiere-741iShluYhk?utm_source=unsplash&amp;utm_medium=referral&amp;utm_content=creditCopyText\">Unsplash<\/a>Foto von <a href=\"https:\/\/unsplash.com\/de\/@fin21?utm_source=unsplash&amp;utm_medium=referral&amp;utm_content=creditCopyText\">FIN<\/a> auf <a href=\"https:\/\/unsplash.com\/de\/fotos\/ein-taschenrechner-sitzt-auf-einem-stapel-papiere-741iShluYhk?utm_source=unsplash&amp;utm_medium=referral&amp;utm_content=creditCopyText\">Unsplash<\/a><\/p><p>Foto von <a href=\"https:\/\/unsplash.com\/de\/@valeriiamiller?utm_source=unsplash&amp;utm_medium=referral&amp;utm_content=creditCopyText\">Valeriia Miller<\/a> auf <a href=\"https:\/\/unsplash.com\/de\/fotos\/ein-schild-an-der-seite-eines-gebaudes-auf-dem-steht-dass-wir-uns-um-sie-kummern-vXanaClNzQA?utm_source=unsplash&amp;utm_medium=referral&amp;utm_content=creditCopyText\">Unsplash<\/a><\/p><p>Foto von <a href=\"https:\/\/unsplash.com\/de\/@cytonn_photography?utm_source=unsplash&amp;utm_medium=referral&amp;utm_content=creditCopyText\">Cytonn Photography<\/a> auf <a href=\"https:\/\/unsplash.com\/de\/fotos\/zwei-menschen-schutteln-sich-die-hande-n95VMLxqM2I?utm_source=unsplash&amp;utm_medium=referral&amp;utm_content=creditCopyText\">Unsplash<\/a><\/p><p>Foto von <a href=\"https:\/\/unsplash.com\/de\/@sasun1990?utm_source=unsplash&amp;utm_medium=referral&amp;utm_content=creditCopyText\">Sasun Bughdaryan<\/a> auf <a href=\"https:\/\/unsplash.com\/de\/fotos\/ein-richtergaven-auf-einem-holztisch-oA1aVtEcWaE?utm_source=unsplash&amp;utm_medium=referral&amp;utm_content=creditCopyText\">Unsplash<\/a><\/p><p>Foto von <a href=\"https:\/\/unsplash.com\/de\/@m15ky?utm_source=unsplash&amp;utm_medium=referral&amp;utm_content=creditCopyText\">Mike Tinnion<\/a> auf <a href=\"https:\/\/unsplash.com\/de\/fotos\/schwarzer-und-silberner-einziehbarer-stift-auf-leerem-buch-3ym6i13Y9LU?utm_source=unsplash&amp;utm_medium=referral&amp;utm_content=creditCopyText\">Unsplash<\/a><\/p><p>Foto von <a href=\"https:\/\/unsplash.com\/de\/@new_data_services?utm_source=unsplash&amp;utm_medium=referral&amp;utm_content=creditCopyText\">NEW DATA SERVICES<\/a> auf <a href=\"https:\/\/unsplash.com\/de\/fotos\/weisses-druckerpapier-auf-weisser-wand-Ar-iTL4QKl4?utm_source=unsplash&amp;utm_medium=referral&amp;utm_content=creditCopyText\">Unsplash<\/a><\/p><\/div>\t\t\t\t\t\t\t\t<\/div>\n\t\t\t\t<\/div>\n\t\t\t\t\t<\/div>\n\t\t\t\t<\/div>\n\t\t\t\t<\/div>\n\t\t","protected":false},"excerpt":{"rendered":"<p>Impressum\/Datenschutz Verantwortlich f\u00fcr den Inhalt dieser Website (\u00a75 TMG): B\u00fcroservice Heer Inhaberin: Miriam Heer \u00a0In der Schwelwies 11 55497 Ellern (Hunsr\u00fcck) Telefon: 06764\/7491714 E-Mail: info@bueroservice-heer.de\u00a0 Umsatzsteuer-ID: DE355194392 Steuernummer: \u00a040\/062\/30425 Die Nutzung meiner Website ist in der Regel ohne Angabe personenbezogener Daten m\u00f6glich. Soweit auf meinen Seiten personenbezogene Daten (beispielsweise Name, Anschrift oder eMail-Adressen) erhoben werden, [&hellip;]<\/p>\n","protected":false},"author":1,"featured_media":0,"parent":0,"menu_order":0,"comment_status":"closed","ping_status":"closed","template":"elementor_header_footer","meta":{"site-sidebar-layout":"no-sidebar","site-content-layout":"page-builder","ast-site-content-layout":"full-width-container","site-content-style":"default","site-sidebar-style":"default","ast-global-header-display":"","ast-banner-title-visibility":"","ast-main-header-display":"","ast-hfb-above-header-display":"","ast-hfb-below-header-display":"","ast-hfb-mobile-header-display":"","site-post-title":"","ast-breadcrumbs-content":"","ast-featured-img":"disabled","footer-sml-layout":"","ast-disable-related-posts":"","theme-transparent-header-meta":"","adv-header-id-meta":"","stick-header-meta":"","header-above-stick-meta":"","header-main-stick-meta":"","header-below-stick-meta":"","astra-migrate-meta-layouts":"set","ast-page-background-enabled":"default","ast-page-background-meta":{"desktop":{"background-color":"","background-image":"","background-repeat":"repeat","background-position":"center center","background-size":"auto","background-attachment":"scroll","background-type":"","background-media":"","overlay-type":"","overlay-color":"","overlay-opacity":"","overlay-gradient":""},"tablet":{"background-color":"","background-image":"","background-repeat":"repeat","background-position":"center center","background-size":"auto","background-attachment":"scroll","background-type":"","background-media":"","overlay-type":"","overlay-color":"","overlay-opacity":"","overlay-gradient":""},"mobile":{"background-color":"","background-image":"","background-repeat":"repeat","background-position":"center center","background-size":"auto","background-attachment":"scroll","background-type":"","background-media":"","overlay-type":"","overlay-color":"","overlay-opacity":"","overlay-gradient":""}},"ast-content-background-meta":{"desktop":{"background-color":"var(--ast-global-color-5)","background-image":"","background-repeat":"repeat","background-position":"center center","background-size":"auto","background-attachment":"scroll","background-type":"","background-media":"","overlay-type":"","overlay-color":"","overlay-opacity":"","overlay-gradient":""},"tablet":{"background-color":"var(--ast-global-color-5)","background-image":"","background-repeat":"repeat","background-position":"center center","background-size":"auto","background-attachment":"scroll","background-type":"","background-media":"","overlay-type":"","overlay-color":"","overlay-opacity":"","overlay-gradient":""},"mobile":{"background-color":"var(--ast-global-color-5)","background-image":"","background-repeat":"repeat","background-position":"center center","background-size":"auto","background-attachment":"scroll","background-type":"","background-media":"","overlay-type":"","overlay-color":"","overlay-opacity":"","overlay-gradient":""}},"footnotes":""},"class_list":["post-2716","page","type-page","status-publish","hentry"],"_links":{"self":[{"href":"https:\/\/www.bueroservice-heer.de\/index.php?rest_route=\/wp\/v2\/pages\/2716","targetHints":{"allow":["GET"]}}],"collection":[{"href":"https:\/\/www.bueroservice-heer.de\/index.php?rest_route=\/wp\/v2\/pages"}],"about":[{"href":"https:\/\/www.bueroservice-heer.de\/index.php?rest_route=\/wp\/v2\/types\/page"}],"author":[{"embeddable":true,"href":"https:\/\/www.bueroservice-heer.de\/index.php?rest_route=\/wp\/v2\/users\/1"}],"replies":[{"embeddable":true,"href":"https:\/\/www.bueroservice-heer.de\/index.php?rest_route=%2Fwp%2Fv2%2Fcomments&post=2716"}],"version-history":[{"count":43,"href":"https:\/\/www.bueroservice-heer.de\/index.php?rest_route=\/wp\/v2\/pages\/2716\/revisions"}],"predecessor-version":[{"id":3192,"href":"https:\/\/www.bueroservice-heer.de\/index.php?rest_route=\/wp\/v2\/pages\/2716\/revisions\/3192"}],"wp:attachment":[{"href":"https:\/\/www.bueroservice-heer.de\/index.php?rest_route=%2Fwp%2Fv2%2Fmedia&parent=2716"}],"curies":[{"name":"wp","href":"https:\/\/api.w.org\/{rel}","templated":true}]}}